{"id":196,"date":"2018-01-04T12:41:45","date_gmt":"2018-01-04T14:41:45","guid":{"rendered":"http:\/\/www.aulanaweb.com\/web\/?page_id=196"},"modified":"2024-10-13T19:51:18","modified_gmt":"2024-10-13T22:51:18","slug":"publicacoes","status":"publish","type":"page","link":"https:\/\/www.aulanaweb.com\/web\/?page_id=196","title":{"rendered":"Publica\u00e7\u00f5es"},"content":{"rendered":"<p>CASTRO, A. A. M. de, ALVES, L. . P., &amp; <strong><span style=\"text-decoration: underline;\">CASTRO, L. H. M. de.<\/span><\/strong> (2024). A outra praia da Moreninha: diferentes geografias e hist\u00f3rias do sub\u00farbio carioca. <i>PragMATIZES &#8211; Revista Latino-Americana De Estudos Em Cultura<\/i>,\u00a0<i>14<\/i>(27), 204-233. <a href=\"https:\/\/periodicos.uff.br\/pragmatizes\/article\/view\/62602\">https:\/\/periodicos.uff.br\/pragmatizes\/article\/view\/62602<\/a><\/p>\n<p style=\"text-align: justify;\"><strong><span style=\"text-decoration: underline;\">DE CASTRO, L. H. M.<\/span><\/strong>; SANTOS, R. Ambi\u00eancias formativas em tempo de novas educa\u00e7\u00f5es: o que aprendemosensinamos com a pandemia. In: Revista Interinstitucional Artes de Educar, Rio de Janeiro, v. 6 \u2013 n. especial, p. 379-397, 2020. ISBN: 2175-2389.<\/p>\n<p style=\"text-align: justify;\"><a href=\"https:\/\/doi.org\/10.12957\/riae.2020.52284\">https:\/\/doi.org\/10.12957\/riae.2020.52284<\/a><\/p>\n<hr \/>\n<p style=\"text-align: justify;\"><strong><span style=\"text-decoration: underline;\">DE CASTRO, L. H. M.<\/span><\/strong>; SANTOS, R. Aprendendo e ensinando nas diversas redes educativas. In: XIII Simp\u00f3sio Nacional da ABCiber \u2013 Associa\u00e7\u00e3o Brasileira de Pesquisadores em Cibercultura. S\u00e3o Paulo: ABCIBER, 2020. ISBN: 2175-2389.<\/p>\n<p style=\"text-align: justify;\"><a href=\"https:\/\/abciber.org.br\/simposios\/index.php\/abciber\/abciber13\/paper\/view\/1384\">https:\/\/abciber.org.br\/simposios\/index.php\/abciber\/abciber13\/paper\/view\/1384<\/a><\/p>\n<hr \/>\n<p style=\"text-align: justify;\"><b><a class=\"tooltip\" tabindex=\"119\" href=\"http:\/\/lattes.cnpq.br\/4018729144174381\" target=\"_blank\" rel=\"noopener noreferrer\">DE CASTRO, LUIS HENRIQUE MONTEIRO<\/a><\/b>; SANTOS, ROSEMARY DOS . O uso do Arduino e a cria\u00e7\u00e3o de objetos educacionais em tempos e espa\u00e7os desarticulados. Revista de Ci\u00eancia da Computa\u00e7\u00e3o, v. 2, p. 05-12, 2020.<\/p>\n<p style=\"text-align: justify;\"><a href=\"http:\/\/dx.doi.org\/10.22481\/recic.v2i1.6550\">http:\/\/dx.doi.org\/10.22481\/recic.v2i1.6550<\/a><\/p>\n<hr \/>\n<p style=\"text-align: justify;\"><b><a class=\"tooltip\" tabindex=\"121\" href=\"http:\/\/lattes.cnpq.br\/4018729144174381\" target=\"_blank\" rel=\"noopener noreferrer\">DE CASTRO, L. H. M.<\/a><\/b>; LAGO, B. L. ; MONDAINI, FELIPE . Damped Harmonic Oscillator with Arduino. JOURNAL OF APPLIED MATHEMATICS AND PHYSICS, v. 03, p. 631-636, 2015.<\/p>\n<p style=\"text-align: justify;\"><a href=\"http:\/\/dx.doi.org\/10.4236\/jamp.2015.36075\">http:\/\/dx.doi.org\/10.4236\/jamp.2015.36075<\/a><\/p>\n","protected":false},"excerpt":{"rendered":"<p>CASTRO, A. A. M. de, ALVES, L. . P., &amp; CASTRO, L. H. M. de. (2024). A outra praia da Moreninha: diferentes geografias e hist\u00f3rias do sub\u00farbio carioca. PragMATIZES &#8211; Revista Latino-Americana De Estudos Em Cultura,\u00a014(27), 204-233. https:\/\/periodicos.uff.br\/pragmatizes\/article\/view\/62602 DE CASTRO, L. H. M.; SANTOS, R. Ambi\u00eancias formativas em tempo de novas educa\u00e7\u00f5es: o que aprendemosensinamos &hellip; <a href=\"https:\/\/www.aulanaweb.com\/web\/?page_id=196\" class=\"more-link\">Continuar lendo <span class=\"screen-reader-text\">Publica\u00e7\u00f5es<\/span><\/a><\/p>\n","protected":false},"author":1,"featured_media":0,"parent":0,"menu_order":0,"comment_status":"closed","ping_status":"closed","template":"","meta":{"footnotes":""},"class_list":["post-196","page","type-page","status-publish","hentry"],"_links":{"self":[{"href":"https:\/\/www.aulanaweb.com\/web\/index.php?rest_route=\/wp\/v2\/pages\/196","targetHints":{"allow":["GET"]}}],"collection":[{"href":"https:\/\/www.aulanaweb.com\/web\/index.php?rest_route=\/wp\/v2\/pages"}],"about":[{"href":"https:\/\/www.aulanaweb.com\/web\/index.php?rest_route=\/wp\/v2\/types\/page"}],"author":[{"embeddable":true,"href":"https:\/\/www.aulanaweb.com\/web\/index.php?rest_route=\/wp\/v2\/users\/1"}],"replies":[{"embeddable":true,"href":"https:\/\/www.aulanaweb.com\/web\/index.php?rest_route=%2Fwp%2Fv2%2Fcomments&post=196"}],"version-history":[{"count":8,"href":"https:\/\/www.aulanaweb.com\/web\/index.php?rest_route=\/wp\/v2\/pages\/196\/revisions"}],"predecessor-version":[{"id":413,"href":"https:\/\/www.aulanaweb.com\/web\/index.php?rest_route=\/wp\/v2\/pages\/196\/revisions\/413"}],"wp:attachment":[{"href":"https:\/\/www.aulanaweb.com\/web\/index.php?rest_route=%2Fwp%2Fv2%2Fmedia&parent=196"}],"curies":[{"name":"wp","href":"https:\/\/api.w.org\/{rel}","templated":true}]}}