{"id":234,"date":"2020-06-07T14:05:24","date_gmt":"2020-06-07T17:05:24","guid":{"rendered":"http:\/\/www.aulanaweb.com\/web\/?page_id=234"},"modified":"2024-10-13T19:58:57","modified_gmt":"2024-10-13T22:58:57","slug":"luis-henrique-m-de-castro","status":"publish","type":"page","link":"https:\/\/www.aulanaweb.com\/web\/?page_id=234","title":{"rendered":"Luis Henrique Monteiro de Castro"},"content":{"rendered":"\n<p style=\"text-align: justify;\">Doutorando em Educa\u00e7\u00e3o pelo Programa de P\u00f3s-Gradua\u00e7\u00e3o em Educa\u00e7\u00e3o &#8211; ProPEd &#8211; UERJ, Mestre em Ensino de F\u00edsica pela UNIRIO, Graduado em Tecnologia em Sistemas da Computa\u00e7\u00e3o pela UFF, Graduado em Licenciatura em T\u00e9cnicas Industriais pela FABES. Atua profissionalmente como Professor efetivo na Escola T\u00e9cnica Ferreira Viana (ETEFEV) vinculada \u00e0 Funda\u00e7\u00e3o de Apoio \u00e0 Escola T\u00e9cnica do Estado do Rio de Janeiro (FAETEC). Atua na \u00e1rea de ensino no Liceu Liter\u00e1rio Portugu\u00eas.<\/p>\n\n\n\n<div class=\"wp-block-buttons is-content-justification-center is-layout-flex wp-container-core-buttons-is-layout-1 wp-block-buttons-is-layout-flex\">\n<div class=\"wp-block-button\"><a class=\"wp-block-button__link has-background wp-element-button\" href=\"http:\/\/lattes.cnpq.br\/4018729144174381\" style=\"background-color:#003d99\" target=\"_blank\" rel=\"noreferrer noopener\">curr\u00edculo lattes<\/a><\/div>\n\n\n\n<div class=\"wp-block-button\"><a class=\"wp-block-button__link has-background wp-element-button\" style=\"background-color:#003d99\">ORCID<\/a><\/div>\n<\/div>\n\n\n","protected":false},"excerpt":{"rendered":"<p>Doutorando em Educa\u00e7\u00e3o pelo Programa de P\u00f3s-Gradua\u00e7\u00e3o em Educa\u00e7\u00e3o &#8211; ProPEd &#8211; UERJ, Mestre em Ensino de F\u00edsica pela UNIRIO, Graduado em Tecnologia em Sistemas da Computa\u00e7\u00e3o pela UFF, Graduado em Licenciatura em T\u00e9cnicas Industriais pela FABES. Atua profissionalmente como Professor efetivo na Escola T\u00e9cnica Ferreira Viana (ETEFEV) vinculada \u00e0 Funda\u00e7\u00e3o de Apoio \u00e0 Escola &hellip; <a href=\"https:\/\/www.aulanaweb.com\/web\/?page_id=234\" class=\"more-link\">Continuar lendo <span class=\"screen-reader-text\">Luis Henrique Monteiro de Castro<\/span><\/a><\/p>\n","protected":false},"author":1,"featured_media":0,"parent":0,"menu_order":0,"comment_status":"closed","ping_status":"closed","template":"","meta":{"footnotes":""},"class_list":["post-234","page","type-page","status-publish","hentry"],"_links":{"self":[{"href":"https:\/\/www.aulanaweb.com\/web\/index.php?rest_route=\/wp\/v2\/pages\/234","targetHints":{"allow":["GET"]}}],"collection":[{"href":"https:\/\/www.aulanaweb.com\/web\/index.php?rest_route=\/wp\/v2\/pages"}],"about":[{"href":"https:\/\/www.aulanaweb.com\/web\/index.php?rest_route=\/wp\/v2\/types\/page"}],"author":[{"embeddable":true,"href":"https:\/\/www.aulanaweb.com\/web\/index.php?rest_route=\/wp\/v2\/users\/1"}],"replies":[{"embeddable":true,"href":"https:\/\/www.aulanaweb.com\/web\/index.php?rest_route=%2Fwp%2Fv2%2Fcomments&post=234"}],"version-history":[{"count":5,"href":"https:\/\/www.aulanaweb.com\/web\/index.php?rest_route=\/wp\/v2\/pages\/234\/revisions"}],"predecessor-version":[{"id":415,"href":"https:\/\/www.aulanaweb.com\/web\/index.php?rest_route=\/wp\/v2\/pages\/234\/revisions\/415"}],"wp:attachment":[{"href":"https:\/\/www.aulanaweb.com\/web\/index.php?rest_route=%2Fwp%2Fv2%2Fmedia&parent=234"}],"curies":[{"name":"wp","href":"https:\/\/api.w.org\/{rel}","templated":true}]}}