{"id":237,"date":"2020-06-07T14:09:28","date_gmt":"2020-06-07T17:09:28","guid":{"rendered":"http:\/\/www.aulanaweb.com\/web\/?page_id=237"},"modified":"2020-06-07T17:52:08","modified_gmt":"2020-06-07T20:52:08","slug":"educiber","status":"publish","type":"page","link":"https:\/\/www.aulanaweb.com\/web\/?page_id=237","title":{"rendered":"EduCiber"},"content":{"rendered":"\n<p style=\"text-align: justify;\">O Grupo de Pesquisa Educa\u00e7\u00e3o e Cibercultura investiga como a Educa\u00e7\u00e3o, a Cultura e a Comunica\u00e7\u00e3o podem potencializar pr\u00e1ticas docentes em redes educativas no contexto formal\/informal da universidade e da escola b\u00e1sica contribuindo para a forma\u00e7\u00e3o de professores na atual fase da cibercultura.<\/p>\n\n\n\n<div class=\"wp-block-buttons aligncenter is-layout-flex wp-block-buttons-is-layout-flex\">\n<div class=\"wp-block-button\"><a class=\"wp-block-button__link has-text-color has-white-color has-background\" href=\"\" style=\"background-color:#003d99\" target=\"_blank\" rel=\"noreferrer noopener\">Site DO educiber<\/a><\/div>\n<\/div>\n","protected":false},"excerpt":{"rendered":"<p>O Grupo de Pesquisa Educa\u00e7\u00e3o e Cibercultura investiga como a Educa\u00e7\u00e3o, a Cultura e a Comunica\u00e7\u00e3o podem potencializar pr\u00e1ticas docentes em redes educativas no contexto formal\/informal da universidade e da escola b\u00e1sica contribuindo para a forma\u00e7\u00e3o de professores na atual fase da cibercultura.<\/p>\n","protected":false},"author":1,"featured_media":0,"parent":0,"menu_order":0,"comment_status":"closed","ping_status":"closed","template":"","meta":{"footnotes":""},"class_list":["post-237","page","type-page","status-publish","hentry"],"_links":{"self":[{"href":"https:\/\/www.aulanaweb.com\/web\/index.php?rest_route=\/wp\/v2\/pages\/237","targetHints":{"allow":["GET"]}}],"collection":[{"href":"https:\/\/www.aulanaweb.com\/web\/index.php?rest_route=\/wp\/v2\/pages"}],"about":[{"href":"https:\/\/www.aulanaweb.com\/web\/index.php?rest_route=\/wp\/v2\/types\/page"}],"author":[{"embeddable":true,"href":"https:\/\/www.aulanaweb.com\/web\/index.php?rest_route=\/wp\/v2\/users\/1"}],"replies":[{"embeddable":true,"href":"https:\/\/www.aulanaweb.com\/web\/index.php?rest_route=%2Fwp%2Fv2%2Fcomments&post=237"}],"version-history":[{"count":3,"href":"https:\/\/www.aulanaweb.com\/web\/index.php?rest_route=\/wp\/v2\/pages\/237\/revisions"}],"predecessor-version":[{"id":362,"href":"https:\/\/www.aulanaweb.com\/web\/index.php?rest_route=\/wp\/v2\/pages\/237\/revisions\/362"}],"wp:attachment":[{"href":"https:\/\/www.aulanaweb.com\/web\/index.php?rest_route=%2Fwp%2Fv2%2Fmedia&parent=237"}],"curies":[{"name":"wp","href":"https:\/\/api.w.org\/{rel}","templated":true}]}}