{"id":240,"date":"2020-06-07T14:09:55","date_gmt":"2020-06-07T17:09:55","guid":{"rendered":"http:\/\/www.aulanaweb.com\/web\/?page_id=240"},"modified":"2020-06-07T17:25:50","modified_gmt":"2020-06-07T20:25:50","slug":"faetec","status":"publish","type":"page","link":"https:\/\/www.aulanaweb.com\/web\/?page_id=240","title":{"rendered":"FAETEC"},"content":{"rendered":"\n<p>Respons\u00e1vel pela implementa\u00e7\u00e3o da pol\u00edtica de Educa\u00e7\u00e3o Profissional e Tecnol\u00f3gica p\u00fablica e gratuita no Estado do Rio de Janeiro, a Funda\u00e7\u00e3o de Apoio \u00e0 Escola T\u00e9cnica (Faetec), vinculada \u00e0 Secretaria de Estado de Ci\u00eancia e Tecnologia, deu seus primeiros passos em 10 de junho de 1997. Atualmente, a Rede atende cerca de 300 mil alunos por ano em mais de 130 unidades de ensino, que somam a oferta no Ensino T\u00e9cnico de N\u00edvel M\u00e9dio, na Forma\u00e7\u00e3o Inicial e Continuada \/ Qualifica\u00e7\u00e3o Profissional e na Educa\u00e7\u00e3o Superior.<\/p>\n<p>\u00a0Criada pela Lei n\u00ba 2.735\/97 e alterada pela Lei n\u00ba 3.808\/02, \u00e9 uma entidade sem fins lucrativos, com personalidade jur\u00eddica de Direito P\u00fablico, de dura\u00e7\u00e3o indeterminada. Sua sede administrativa, situada em um imenso complexo de mais de 1.900.000 m\u00b2, est\u00e1 localizada na capital do Rio de Janeiro, no bairro de Quintino Bocai\u00fava, Zona Norte da cidade.<\/p>\n<p>\u00a0As inova\u00e7\u00f5es tecnol\u00f3gicas em conson\u00e2ncia com a realidade dos setores produtivos s\u00e3o as marcas da forma\u00e7\u00e3o oferecida pela Faetec, dando a ela status de uma das mais importantes redes de Educa\u00e7\u00e3o P\u00fablica e Profissionalizante do Brasil. Reafirmando o compromisso do Governo do Estado em ampliar as oportunidades de qualifica\u00e7\u00e3o \u00e0 popula\u00e7\u00e3o bem como elevar os \u00edndices de empregabilidade, a Funda\u00e7\u00e3o contribui para o desenvolvimento econ\u00f4mico e social dos munic\u00edpios fluminenses.<\/p>\n<p>\u00a0Em processo de plena expans\u00e3o pelo Estado, estima-se que, at\u00e9 o fim de 2014, cerca de 400 mil vagas em cursos da Funda\u00e7\u00e3o sejam oferecidas \u00e0 popula\u00e7\u00e3o. A aposta em projetos de inclus\u00e3o social, as parcerias com institui\u00e7\u00f5es nacionais e internacionais e um olhar atento ao bem-estar de servidores e funcion\u00e1rios s\u00e3o alguns dos fatores que contribuem para que a Faetec seja uma institui\u00e7\u00e3o com ensino de refer\u00eancia que agrega humaniza\u00e7\u00e3o, cidadania e tecnologia.<\/p>\n<p><strong>\u00c1rea de Atua\u00e7\u00e3o<\/strong><\/p>\n<p>\u00a0Com ampla oferta de Educa\u00e7\u00e3o Profissional e Tecnol\u00f3gica p\u00fablica e gratuita de qualidade, a Faetec est\u00e1 em todas as regi\u00f5es do Estado do Rio de Janeiro, apostando no potencial econ\u00f4mico dos munic\u00edpios fluminenses. Ao todo, 51 cidades contam com a presen\u00e7a da Funda\u00e7\u00e3o atrav\u00e9s de oportunidades em diversos segmentos de ensino.<\/p>\n<p>\u00a0Algumas das unidades s\u00e3o: Escolas T\u00e9cnicas Estaduais (ETEs), Centros de Educa\u00e7\u00e3o Tecnol\u00f3gica e Profissionalizante (Ceteps), Centros Vocacionais Tecnol\u00f3gicos (CVTs), Escolas de Artes T\u00e9cnicas (EATs), Faculdades de Educa\u00e7\u00e3o Tecnol\u00f3gica do Estado do Rio de Janeiro (Faeterjs) e Centros de Refer\u00eancia em Forma\u00e7\u00e3o de Profissionais da Educa\u00e7\u00e3o (Iserj e Isepam).<\/p>\n<p>\u00a0O ensino na Rede \u00e9 desenvolvido com base nos seguintes eixos tecnol\u00f3gicos: Ambiente e Sa\u00fade; Controle e Processos Industriais; Desenvolvimento Educacional e Social; Gest\u00e3o e Neg\u00f3cios; Informa\u00e7\u00e3o e Comunica\u00e7\u00e3o; Infraestrutura; Produ\u00e7\u00e3o Aliment\u00edcia; Produ\u00e7\u00e3o Cultural e Design; Produ\u00e7\u00e3o Industrial; Recursos Naturais; Seguran\u00e7a; Turismo, Hospitalidade e Lazer.<\/p>\n<p>\u00a0<\/p>\n\n\n\n<div class=\"wp-block-buttons aligncenter is-layout-flex wp-block-buttons-is-layout-flex\">\n<div class=\"wp-block-button\"><a class=\"wp-block-button__link has-background\" href=\"http:\/\/www.faetec.rj.gov.br\/\" style=\"background-color:#003d99\" target=\"_blank\" rel=\"noreferrer noopener\">SITE DA FAETEC<\/a><\/div>\n<\/div>\n\n\n","protected":false},"excerpt":{"rendered":"<p>Respons\u00e1vel pela implementa\u00e7\u00e3o da pol\u00edtica de Educa\u00e7\u00e3o Profissional e Tecnol\u00f3gica p\u00fablica e gratuita no Estado do Rio de Janeiro, a Funda\u00e7\u00e3o de Apoio \u00e0 Escola T\u00e9cnica (Faetec), vinculada \u00e0 Secretaria de Estado de Ci\u00eancia e Tecnologia, deu seus primeiros passos em 10 de junho de 1997. Atualmente, a Rede atende cerca de 300 mil alunos &hellip; <a href=\"https:\/\/www.aulanaweb.com\/web\/?page_id=240\" class=\"more-link\">Continuar lendo <span class=\"screen-reader-text\">FAETEC<\/span><\/a><\/p>\n","protected":false},"author":1,"featured_media":0,"parent":0,"menu_order":0,"comment_status":"closed","ping_status":"closed","template":"","meta":{"footnotes":""},"class_list":["post-240","page","type-page","status-publish","hentry"],"_links":{"self":[{"href":"https:\/\/www.aulanaweb.com\/web\/index.php?rest_route=\/wp\/v2\/pages\/240","targetHints":{"allow":["GET"]}}],"collection":[{"href":"https:\/\/www.aulanaweb.com\/web\/index.php?rest_route=\/wp\/v2\/pages"}],"about":[{"href":"https:\/\/www.aulanaweb.com\/web\/index.php?rest_route=\/wp\/v2\/types\/page"}],"author":[{"embeddable":true,"href":"https:\/\/www.aulanaweb.com\/web\/index.php?rest_route=\/wp\/v2\/users\/1"}],"replies":[{"embeddable":true,"href":"https:\/\/www.aulanaweb.com\/web\/index.php?rest_route=%2Fwp%2Fv2%2Fcomments&post=240"}],"version-history":[{"count":3,"href":"https:\/\/www.aulanaweb.com\/web\/index.php?rest_route=\/wp\/v2\/pages\/240\/revisions"}],"predecessor-version":[{"id":351,"href":"https:\/\/www.aulanaweb.com\/web\/index.php?rest_route=\/wp\/v2\/pages\/240\/revisions\/351"}],"wp:attachment":[{"href":"https:\/\/www.aulanaweb.com\/web\/index.php?rest_route=%2Fwp%2Fv2%2Fmedia&parent=240"}],"curies":[{"name":"wp","href":"https:\/\/api.w.org\/{rel}","templated":true}]}}