{"id":249,"date":"2020-06-07T14:13:48","date_gmt":"2020-06-07T17:13:48","guid":{"rendered":"http:\/\/www.aulanaweb.com\/web\/?page_id=249"},"modified":"2020-06-07T17:57:27","modified_gmt":"2020-06-07T20:57:27","slug":"proped-uerj","status":"publish","type":"page","link":"https:\/\/www.aulanaweb.com\/web\/?page_id=249","title":{"rendered":"ProPEd &#8211; UERJ"},"content":{"rendered":"\n<p style=\"text-align: justify;\"><strong>O Programa de P\u00f3s-Gradua\u00e7\u00e3o em Educa\u00e7\u00e3o visa a:<\/strong><\/p>\n<ul class=\"unlist\" style=\"text-align: justify;\">\n<li><i class=\"fa fa-check\" aria-hidden=\"true\"><\/i>Participar do processo de produ\u00e7\u00e3o de conhecimento(s) no campo da Educa\u00e7\u00e3o.<\/li>\n<li><i class=\"fa fa-check\" aria-hidden=\"true\"><\/i>Formar educadores capazes de intervir como interlocutores v\u00e1lidos nos cen\u00e1rios local, regional e nacional, por interm\u00e9dio da atua\u00e7\u00e3o em doc\u00eancia e em pesquisa, bem como da cria\u00e7\u00e3o de alternativas para as pr\u00e1ticas sociais vigentes.<\/li>\n<li><i class=\"fa fa-check\" aria-hidden=\"true\"><\/i>Instituir uma din\u00e2mica de atua\u00e7\u00e3o permanentemente aberta \u00e0 busca de novas interlocu\u00e7\u00f5es, ao desenvolvimento de novas pr\u00e1ticas de interven\u00e7\u00e3o social e \u00e0 cria\u00e7\u00e3o de condi\u00e7\u00f5es adequadas de reflex\u00e3o e aprofundamento te\u00f3rico-pr\u00e1tico.<\/li>\n<\/ul>\n<p style=\"text-align: justify;\">Esses objetivos s\u00e3o concretizados nas atividades desenvolvidas em Linhas de Pesquisa, constitu\u00eddas por Grupos de Pesquisa, aos quais se vinculam os membros de seu Corpo Docente.<\/p>\n<p style=\"text-align: justify;\">O Programa garante a articula\u00e7\u00e3o entre estas Linhas de Pesquisa, proporcionando o foco comum na produ\u00e7\u00e3o e socializa\u00e7\u00e3o de conhecimentos no campo educacional referenciados no interesse p\u00fablico e na cr\u00edtica aos processos de exclus\u00e3o.<\/p>\n<p style=\"text-align: justify;\">A gest\u00e3o acad\u00eamica do Programa \u00e9 desenvolvida pela Coordena\u00e7\u00e3o e pelo Colegiado formado pela totalidade dos docentes da p\u00f3s-gradua\u00e7\u00e3o, por representantes discentes e do corpo t\u00e9cnico-administrativo, contando com comiss\u00f5es permanentes (Comiss\u00e3o de Apoio Acad\u00eamico e Comiss\u00e3o de Bolsas) e provis\u00f3rias (sele\u00e7\u00e3o de alunos para o Mestrado e para o Doutorado, etc).<\/p>\n\n\n\n<div class=\"wp-block-buttons aligncenter is-layout-flex wp-block-buttons-is-layout-flex\">\n<div class=\"wp-block-button\"><a class=\"wp-block-button__link has-background\" href=\"http:\/\/www.proped.pro.br\/#\" style=\"background-color:#003d99\" target=\"_blank\" rel=\"noreferrer noopener\">SITE DO PROPED-UERJ<\/a><\/div>\n<\/div>\n","protected":false},"excerpt":{"rendered":"<p>O Programa de P\u00f3s-Gradua\u00e7\u00e3o em Educa\u00e7\u00e3o visa a: Participar do processo de produ\u00e7\u00e3o de conhecimento(s) no campo da Educa\u00e7\u00e3o. Formar educadores capazes de intervir como interlocutores v\u00e1lidos nos cen\u00e1rios local, regional e nacional, por interm\u00e9dio da atua\u00e7\u00e3o em doc\u00eancia e em pesquisa, bem como da cria\u00e7\u00e3o de alternativas para as pr\u00e1ticas sociais vigentes. Instituir uma &hellip; <a href=\"https:\/\/www.aulanaweb.com\/web\/?page_id=249\" class=\"more-link\">Continuar lendo <span class=\"screen-reader-text\">ProPEd &#8211; UERJ<\/span><\/a><\/p>\n","protected":false},"author":1,"featured_media":0,"parent":0,"menu_order":0,"comment_status":"closed","ping_status":"closed","template":"","meta":{"footnotes":""},"class_list":["post-249","page","type-page","status-publish","hentry"],"_links":{"self":[{"href":"https:\/\/www.aulanaweb.com\/web\/index.php?rest_route=\/wp\/v2\/pages\/249","targetHints":{"allow":["GET"]}}],"collection":[{"href":"https:\/\/www.aulanaweb.com\/web\/index.php?rest_route=\/wp\/v2\/pages"}],"about":[{"href":"https:\/\/www.aulanaweb.com\/web\/index.php?rest_route=\/wp\/v2\/types\/page"}],"author":[{"embeddable":true,"href":"https:\/\/www.aulanaweb.com\/web\/index.php?rest_route=\/wp\/v2\/users\/1"}],"replies":[{"embeddable":true,"href":"https:\/\/www.aulanaweb.com\/web\/index.php?rest_route=%2Fwp%2Fv2%2Fcomments&post=249"}],"version-history":[{"count":3,"href":"https:\/\/www.aulanaweb.com\/web\/index.php?rest_route=\/wp\/v2\/pages\/249\/revisions"}],"predecessor-version":[{"id":369,"href":"https:\/\/www.aulanaweb.com\/web\/index.php?rest_route=\/wp\/v2\/pages\/249\/revisions\/369"}],"wp:attachment":[{"href":"https:\/\/www.aulanaweb.com\/web\/index.php?rest_route=%2Fwp%2Fv2%2Fmedia&parent=249"}],"curies":[{"name":"wp","href":"https:\/\/api.w.org\/{rel}","templated":true}]}}