{"id":258,"date":"2020-06-07T14:28:24","date_gmt":"2020-06-07T17:28:24","guid":{"rendered":"http:\/\/www.aulanaweb.com\/web\/?page_id=258"},"modified":"2020-06-07T17:56:47","modified_gmt":"2020-06-07T20:56:47","slug":"projeto-de-pesquisa","status":"publish","type":"page","link":"https:\/\/www.aulanaweb.com\/web\/?page_id=258","title":{"rendered":"Projeto de Pesquisa"},"content":{"rendered":"\n<p style=\"text-align: justify;\">LINHA DE PESQUISA: Cotidianos, Redes Educativas e Processos Culturais<\/p>\n<p style=\"text-align: justify;\">Objetivo: Compreender diferentes cotidianos e as tantas redes educativas que neles formamos e que nos formam. Fruto dessa diversidade, usamos variadas no\u00e7\u00f5es, ideias e autores, mas, ao mesmo tempo, essa atua\u00e7\u00e3o plural permite a abordagem de quest\u00f5es que se articulam em a\u00e7\u00f5es e processos epistemol\u00f3gicos-te\u00f3ricos-metodol\u00f3gicos.<\/p>\n<p style=\"text-align: justify;\"><br class=\"clear\" \/>Grande \u00e1rea: Ci\u00eancias Humanas<\/p>\n<p style=\"text-align: justify;\"><br class=\"clear\" \/>Palavras-chave: cotidianos; redes educativas; espa\u00e7ostempos.<\/p>\n","protected":false},"excerpt":{"rendered":"<p>LINHA DE PESQUISA: Cotidianos, Redes Educativas e Processos Culturais Objetivo: Compreender diferentes cotidianos e as tantas redes educativas que neles formamos e que nos formam. Fruto dessa diversidade, usamos variadas no\u00e7\u00f5es, ideias e autores, mas, ao mesmo tempo, essa atua\u00e7\u00e3o plural permite a abordagem de quest\u00f5es que se articulam em a\u00e7\u00f5es e processos epistemol\u00f3gicos-te\u00f3ricos-metodol\u00f3gicos. Grande &hellip; <a href=\"https:\/\/www.aulanaweb.com\/web\/?page_id=258\" class=\"more-link\">Continuar lendo <span class=\"screen-reader-text\">Projeto de Pesquisa<\/span><\/a><\/p>\n","protected":false},"author":1,"featured_media":0,"parent":0,"menu_order":0,"comment_status":"closed","ping_status":"closed","template":"","meta":{"footnotes":""},"class_list":["post-258","page","type-page","status-publish","hentry"],"_links":{"self":[{"href":"https:\/\/www.aulanaweb.com\/web\/index.php?rest_route=\/wp\/v2\/pages\/258","targetHints":{"allow":["GET"]}}],"collection":[{"href":"https:\/\/www.aulanaweb.com\/web\/index.php?rest_route=\/wp\/v2\/pages"}],"about":[{"href":"https:\/\/www.aulanaweb.com\/web\/index.php?rest_route=\/wp\/v2\/types\/page"}],"author":[{"embeddable":true,"href":"https:\/\/www.aulanaweb.com\/web\/index.php?rest_route=\/wp\/v2\/users\/1"}],"replies":[{"embeddable":true,"href":"https:\/\/www.aulanaweb.com\/web\/index.php?rest_route=%2Fwp%2Fv2%2Fcomments&post=258"}],"version-history":[{"count":3,"href":"https:\/\/www.aulanaweb.com\/web\/index.php?rest_route=\/wp\/v2\/pages\/258\/revisions"}],"predecessor-version":[{"id":367,"href":"https:\/\/www.aulanaweb.com\/web\/index.php?rest_route=\/wp\/v2\/pages\/258\/revisions\/367"}],"wp:attachment":[{"href":"https:\/\/www.aulanaweb.com\/web\/index.php?rest_route=%2Fwp%2Fv2%2Fmedia&parent=258"}],"curies":[{"name":"wp","href":"https:\/\/api.w.org\/{rel}","templated":true}]}}