{"id":269,"date":"2020-06-07T14:33:32","date_gmt":"2020-06-07T17:33:32","guid":{"rendered":"http:\/\/www.aulanaweb.com\/web\/?page_id=269"},"modified":"2020-06-07T17:56:10","modified_gmt":"2020-06-07T20:56:10","slug":"ambiente-virtual-de-aprendizagem","status":"publish","type":"page","link":"https:\/\/www.aulanaweb.com\/web\/?page_id=269","title":{"rendered":"Ambiente Virtual de Aprendizagem"},"content":{"rendered":"\n<p style=\"text-align: justify;\">Ambiente Virtual de Aprendizagem do Curso T\u00e9cnico na modalidade Subsequente da Escola T\u00e9cnica Estadual Ferreira Viana &#8211; ETEFV vinculada \u00e0 Funda\u00e7\u00e3o de Apoio \u00e0 Escola T\u00e9cnica &#8211; FAETEC<\/p>\n<p style=\"text-align: justify;\">O AVA ETEFV Subsequente foi desenvolvido em abril de 2020 para atender as necessidades de ensino da ETEFV (atendimento remoto), \u00e9 atualmente administrado pelo Professor Luis Henrique M de Castro.<\/p>\n\n\n\n<div class=\"wp-block-buttons aligncenter is-layout-flex wp-block-buttons-is-layout-flex\">\n<div class=\"wp-block-button\"><a class=\"wp-block-button__link has-background\" href=\"http:\/\/ava.aulanaweb.com\" style=\"background-color:#003d99\" target=\"_blank\" rel=\"noreferrer noopener\">AVA ETEFV subsequente<\/a><\/div>\n<\/div>\n\n\n","protected":false},"excerpt":{"rendered":"<p>Ambiente Virtual de Aprendizagem do Curso T\u00e9cnico na modalidade Subsequente da Escola T\u00e9cnica Estadual Ferreira Viana &#8211; ETEFV vinculada \u00e0 Funda\u00e7\u00e3o de Apoio \u00e0 Escola T\u00e9cnica &#8211; FAETEC O AVA ETEFV Subsequente foi desenvolvido em abril de 2020 para atender as necessidades de ensino da ETEFV (atendimento remoto), \u00e9 atualmente administrado pelo Professor Luis Henrique &hellip; <a href=\"https:\/\/www.aulanaweb.com\/web\/?page_id=269\" class=\"more-link\">Continuar lendo <span class=\"screen-reader-text\">Ambiente Virtual de Aprendizagem<\/span><\/a><\/p>\n","protected":false},"author":1,"featured_media":0,"parent":0,"menu_order":0,"comment_status":"closed","ping_status":"closed","template":"","meta":{"footnotes":""},"class_list":["post-269","page","type-page","status-publish","hentry"],"_links":{"self":[{"href":"https:\/\/www.aulanaweb.com\/web\/index.php?rest_route=\/wp\/v2\/pages\/269","targetHints":{"allow":["GET"]}}],"collection":[{"href":"https:\/\/www.aulanaweb.com\/web\/index.php?rest_route=\/wp\/v2\/pages"}],"about":[{"href":"https:\/\/www.aulanaweb.com\/web\/index.php?rest_route=\/wp\/v2\/types\/page"}],"author":[{"embeddable":true,"href":"https:\/\/www.aulanaweb.com\/web\/index.php?rest_route=\/wp\/v2\/users\/1"}],"replies":[{"embeddable":true,"href":"https:\/\/www.aulanaweb.com\/web\/index.php?rest_route=%2Fwp%2Fv2%2Fcomments&post=269"}],"version-history":[{"count":7,"href":"https:\/\/www.aulanaweb.com\/web\/index.php?rest_route=\/wp\/v2\/pages\/269\/revisions"}],"predecessor-version":[{"id":393,"href":"https:\/\/www.aulanaweb.com\/web\/index.php?rest_route=\/wp\/v2\/pages\/269\/revisions\/393"}],"wp:attachment":[{"href":"https:\/\/www.aulanaweb.com\/web\/index.php?rest_route=%2Fwp%2Fv2%2Fmedia&parent=269"}],"curies":[{"name":"wp","href":"https:\/\/api.w.org\/{rel}","templated":true}]}}