{"id":74,"date":"2017-12-30T21:46:00","date_gmt":"2017-12-30T23:46:00","guid":{"rendered":"http:\/\/www.aulanaweb.com\/web\/?page_id=74"},"modified":"2018-07-13T21:08:58","modified_gmt":"2018-07-14T00:08:58","slug":"desafio-solar-brasil","status":"publish","type":"page","link":"https:\/\/www.aulanaweb.com\/web\/?page_id=74","title":{"rendered":"Desafio Solar Brasil"},"content":{"rendered":"<p style=\"text-align: justify;\"><strong>O Desafio Solar Brasil \u00e9 um rali de barcos movidos \u00e0 energia solar<\/strong> que visa estimular o desenvolvimento de tecnologias para fontes limpas de energias alternativas, bem como divulgar o potencial dessas tecnologias aplicadas em embarca\u00e7\u00f5es de servi\u00e7o, recreio e transporte de passageiros.<\/p>\n<p style=\"text-align: justify;\">O projeto caracteriza-se tamb\u00e9m como o in\u00edcio de uma articula\u00e7\u00e3o internacional, pois inspira-se na Frisian Solar Challenge, competi\u00e7\u00e3o realizada a cada dois anos na Holanda que se constitui no principal evento europeu para embarca\u00e7\u00f5es solares, durante o qual os participantes percorrem 220 quil\u00f4metros de canais das 11 cidades da regi\u00e3o de Fr\u00edsia, no norte do pa\u00eds.<\/p>\n<p style=\"text-align: justify;\">A meta \u00e9 que a competi\u00e7\u00e3o brasileira articule institui\u00e7\u00f5es e universidades na Am\u00e9rica Latina e futuramente, corresponda a uma das etapas de um circuito internacional ampliado, n\u00e3o apenas restrito ao continente europeu.<\/p>\n<p>Edi\u00e7\u00f5es do DSB:<\/p>\n<table>\n<tbody>\n<tr>\n<th>2018<\/th>\n<td>B\u00fazios<\/td>\n<td><\/td>\n<\/tr>\n<tr>\n<th scope=\"row\">2017<\/th>\n<td>Angra dos Reis<\/td>\n<td><\/td>\n<\/tr>\n<tr>\n<th scope=\"row\">2016<\/th>\n<td>B\u00fazios<\/td>\n<td><\/td>\n<\/tr>\n<tr>\n<th scope=\"row\">2015<\/th>\n<td>B\u00fazios<\/td>\n<td><\/td>\n<\/tr>\n<tr>\n<th scope=\"row\">2014<\/th>\n<td>B\u00fazios<\/td>\n<td><\/td>\n<\/tr>\n<tr>\n<th scope=\"row\">2013<\/th>\n<td>B\u00fazios<\/td>\n<td><\/td>\n<\/tr>\n<tr>\n<th scope=\"row\">2012<\/th>\n<td>Florian\u00f3polis<\/td>\n<td><\/td>\n<\/tr>\n<tr>\n<th scope=\"row\">2011<\/th>\n<td>Florian\u00f3polis<\/td>\n<td><\/td>\n<\/tr>\n<tr>\n<th scope=\"row\">2011<\/th>\n<td>Rio de Janeiro<\/td>\n<td><\/td>\n<\/tr>\n<tr>\n<th scope=\"row\">2011<\/th>\n<td>Paraty<\/td>\n<td><\/td>\n<\/tr>\n<tr>\n<th scope=\"row\">2010<\/th>\n<td>Paraty<\/td>\n<td><\/td>\n<\/tr>\n<tr>\n<th scope=\"row\">2010<\/th>\n<td>Cabo Frio<\/td>\n<td><\/td>\n<\/tr>\n<tr>\n<th scope=\"row\">2010<\/th>\n<td>Niter\u00f3i<\/td>\n<td><\/td>\n<\/tr>\n<tr>\n<th scope=\"row\">2009<\/th>\n<td>Paraty<\/td>\n<td><\/td>\n<\/tr>\n<\/tbody>\n<\/table>\n<p><a href=\"https:\/\/desafiosolar.wordpress.com\/\" target=\"_blank\" rel=\"noopener\">Site oficial do Desafio Solar Brasil<\/a><\/p>\n","protected":false},"excerpt":{"rendered":"<p>O Desafio Solar Brasil \u00e9 um rali de barcos movidos \u00e0 energia solar que visa estimular o desenvolvimento de tecnologias para fontes limpas de energias alternativas, bem como divulgar o potencial dessas tecnologias aplicadas em embarca\u00e7\u00f5es de servi\u00e7o, recreio e transporte de passageiros. O projeto caracteriza-se tamb\u00e9m como o in\u00edcio de uma articula\u00e7\u00e3o internacional, pois &hellip; <a href=\"https:\/\/www.aulanaweb.com\/web\/?page_id=74\" class=\"more-link\">Continuar lendo <span class=\"screen-reader-text\">Desafio Solar Brasil<\/span><\/a><\/p>\n","protected":false},"author":1,"featured_media":0,"parent":47,"menu_order":0,"comment_status":"closed","ping_status":"closed","template":"","meta":{"footnotes":""},"class_list":["post-74","page","type-page","status-publish","hentry"],"_links":{"self":[{"href":"https:\/\/www.aulanaweb.com\/web\/index.php?rest_route=\/wp\/v2\/pages\/74","targetHints":{"allow":["GET"]}}],"collection":[{"href":"https:\/\/www.aulanaweb.com\/web\/index.php?rest_route=\/wp\/v2\/pages"}],"about":[{"href":"https:\/\/www.aulanaweb.com\/web\/index.php?rest_route=\/wp\/v2\/types\/page"}],"author":[{"embeddable":true,"href":"https:\/\/www.aulanaweb.com\/web\/index.php?rest_route=\/wp\/v2\/users\/1"}],"replies":[{"embeddable":true,"href":"https:\/\/www.aulanaweb.com\/web\/index.php?rest_route=%2Fwp%2Fv2%2Fcomments&post=74"}],"version-history":[{"count":7,"href":"https:\/\/www.aulanaweb.com\/web\/index.php?rest_route=\/wp\/v2\/pages\/74\/revisions"}],"predecessor-version":[{"id":208,"href":"https:\/\/www.aulanaweb.com\/web\/index.php?rest_route=\/wp\/v2\/pages\/74\/revisions\/208"}],"up":[{"embeddable":true,"href":"https:\/\/www.aulanaweb.com\/web\/index.php?rest_route=\/wp\/v2\/pages\/47"}],"wp:attachment":[{"href":"https:\/\/www.aulanaweb.com\/web\/index.php?rest_route=%2Fwp%2Fv2%2Fmedia&parent=74"}],"curies":[{"name":"wp","href":"https:\/\/api.w.org\/{rel}","templated":true}]}}